{"id":9,"date":"2016-03-07T15:39:29","date_gmt":"2016-03-07T15:39:29","guid":{"rendered":"http:\/\/www.fortuna-treuhand.ch\/wordpress\/?page_id=9"},"modified":"2017-01-06T13:09:49","modified_gmt":"2017-01-06T13:09:49","slug":"ueber-mich","status":"publish","type":"page","link":"https:\/\/www.fortuna-treuhand.ch\/?page_id=9","title":{"rendered":"\u00dcber mich"},"content":{"rendered":"<h2><strong>Meine berufliche Ausbildung und T\u00e4tigkeit<\/strong><\/h2>\n<table dir=\"ltr\" style=\"height: 207px;\" border=\"0\" frame=\"void\" rules=\"none\" cellspacing=\"0\" cellpadding=\"0\">\n<tbody>\n<tr>\n<td width=\"88\"><span style=\"font-size: 12pt; color: #333333;\">Ausbildung <\/span><\/td>\n<td width=\"40\"><\/td>\n<td width=\"319\"><span style=\"font-size: 12pt; color: #333333;\">im kaufm\u00e4nnischen Bereich<\/span><\/td>\n<\/tr>\n<tr>\n<td width=\"88\"><\/td>\n<td width=\"5\"><\/td>\n<td width=\"319\"><\/td>\n<\/tr>\n<tr>\n<td width=\"95\"><span style=\"font-size: 12pt; color: #333333;\">Weiterbildung <\/span><\/td>\n<td width=\"5\"><\/td>\n<td width=\"319\"><span style=\"font-size: 12pt; color: #333333;\">Steuern nat\u00fcrliche und juristische Personen<\/span><\/td>\n<\/tr>\n<tr>\n<td width=\"88\"><\/td>\n<td width=\"5\"><\/td>\n<td width=\"319\"><span style=\"font-size: 12pt; color: #333333;\">Finanz- und Rechnungswesen<\/span><\/td>\n<\/tr>\n<tr>\n<td width=\"88\"><\/td>\n<td width=\"5\"><\/td>\n<td width=\"319\"><span style=\"font-size: 12pt; color: #333333;\">Sozialversicherungen<\/span><\/td>\n<\/tr>\n<tr>\n<td width=\"88\"><\/td>\n<td width=\"5\"><\/td>\n<td width=\"319\"><\/td>\n<\/tr>\n<tr>\n<td width=\"88\"><span style=\"font-size: 12pt; color: #333333;\">Selbstst\u00e4ndig<br \/>\n<\/span><\/td>\n<td width=\"5\"><\/td>\n<td width=\"319\"><span style=\"font-size: 12pt; color: #333333;\">im Bereich Rechnungs- und Treuhandwesen<br \/>\n<\/span><\/td>\n<\/tr>\n<tr>\n<td width=\"88\"><\/td>\n<td width=\"5\"><\/td>\n<td width=\"319\"><span style=\"font-size: 12pt; color: #333333;\">seit 2005<\/span><\/td>\n<\/tr>\n<\/tbody>\n<\/table>\n","protected":false},"excerpt":{"rendered":"<p>Meine berufliche Ausbildung und T\u00e4tigkeit Ausbildung im kaufm\u00e4nnischen Bereich Weiterbildung Steuern nat\u00fcrliche und juristische Personen Finanz- und Rechnungswesen Sozialversicherungen Selbstst\u00e4ndig im Bereich Rechnungs- und Treuhandwesen seit 2005<\/p>\n","protected":false},"author":1,"featured_media":0,"parent":0,"menu_order":1,"comment_status":"closed","ping_status":"closed","template":"","meta":[],"_links":{"self":[{"href":"https:\/\/www.fortuna-treuhand.ch\/index.php?rest_route=\/wp\/v2\/pages\/9"}],"collection":[{"href":"https:\/\/www.fortuna-treuhand.ch\/index.php?rest_route=\/wp\/v2\/pages"}],"about":[{"href":"https:\/\/www.fortuna-treuhand.ch\/index.php?rest_route=\/wp\/v2\/types\/page"}],"author":[{"embeddable":true,"href":"https:\/\/www.fortuna-treuhand.ch\/index.php?rest_route=\/wp\/v2\/users\/1"}],"replies":[{"embeddable":true,"href":"https:\/\/www.fortuna-treuhand.ch\/index.php?rest_route=%2Fwp%2Fv2%2Fcomments&post=9"}],"version-history":[{"count":32,"href":"https:\/\/www.fortuna-treuhand.ch\/index.php?rest_route=\/wp\/v2\/pages\/9\/revisions"}],"predecessor-version":[{"id":123,"href":"https:\/\/www.fortuna-treuhand.ch\/index.php?rest_route=\/wp\/v2\/pages\/9\/revisions\/123"}],"wp:attachment":[{"href":"https:\/\/www.fortuna-treuhand.ch\/index.php?rest_route=%2Fwp%2Fv2%2Fmedia&parent=9"}],"curies":[{"name":"wp","href":"https:\/\/api.w.org\/{rel}","templated":true}]}}